{"id":388,"date":"2022-04-01T05:31:58","date_gmt":"2022-04-01T03:31:58","guid":{"rendered":"https:\/\/colfrouge.ddec.nc\/?page_id=388"},"modified":"2022-07-19T15:03:22","modified_gmt":"2022-07-19T13:03:22","slug":"hgfhjhgj","status":"publish","type":"page","link":"https:\/\/colfrouge.ddec.nc\/index.php\/hgfhjhgj\/","title":{"rendered":"Calendriers"},"content":{"rendered":"\t\t<div data-elementor-type=\"wp-page\" data-elementor-id=\"388\" class=\"elementor elementor-388\" data-elementor-post-type=\"page\">\n\t\t\t\t\t\t<section class=\"elementor-section elementor-top-section elementor-element elementor-element-30b0593 elementor-section-boxed elementor-section-height-default elementor-section-height-default\" data-id=\"30b0593\" data-element_type=\"section\" data-e-type=\"section\">\n\t\t\t\t\t\t<div class=\"elementor-container elementor-column-gap-default\">\n\t\t\t\t\t<div class=\"elementor-column elementor-col-100 elementor-top-column elementor-element elementor-element-7491e52\" data-id=\"7491e52\" data-element_type=\"column\" data-e-type=\"column\">\n\t\t\t<div class=\"elementor-widget-wrap elementor-element-populated\">\n\t\t\t\t\t\t<div class=\"elementor-element elementor-element-c5a1ef0 elementor-widget elementor-widget-heading\" data-id=\"c5a1ef0\" data-element_type=\"widget\" data-e-type=\"widget\" data-widget_type=\"heading.default\">\n\t\t\t\t<div class=\"elementor-widget-container\">\n\t\t\t\t\t<h2 class=\"elementor-heading-title elementor-size-default\">Calendrier scolaire 2022<\/h2>\t\t\t\t<\/div>\n\t\t\t\t<\/div>\n\t\t\t\t<section class=\"elementor-section elementor-inner-section elementor-element elementor-element-97a839d elementor-section-boxed elementor-section-height-default elementor-section-height-default\" data-id=\"97a839d\" data-element_type=\"section\" data-e-type=\"section\">\n\t\t\t\t\t\t<div class=\"elementor-container elementor-column-gap-default\">\n\t\t\t\t\t<div class=\"elementor-column elementor-col-50 elementor-inner-column elementor-element elementor-element-88b6958\" data-id=\"88b6958\" data-element_type=\"column\" data-e-type=\"column\">\n\t\t\t<div class=\"elementor-widget-wrap elementor-element-populated\">\n\t\t\t\t\t\t<div class=\"elementor-element elementor-element-69ee406 elementor-widget elementor-widget-text-editor\" data-id=\"69ee406\" data-element_type=\"widget\" data-e-type=\"widget\" data-widget_type=\"text-editor.default\">\n\t\t\t\t<div class=\"elementor-widget-container\">\n\t\t\t\t\t\t\t\t\t<ul class=\"spip\" style=\"font-size: 16px; background-color: #ffffff; color: #000000;\"><li style=\"font-size: 16px;\"><span style=\"font-weight: bolder;\">Rentr\u00e9e scolaire des enseignants<\/span>\u00a0:<br class=\"manualbr\" \/>Vendredi 11 f\u00e9vrier 2022<\/li><li style=\"font-size: 16px;\"><span style=\"font-weight: bolder;\">Rentr\u00e9e scolaire des \u00e9l\u00e8ves<\/span>\u00a0:<br class=\"manualbr\" \/>Lundi 14 f\u00e9vrier 2022<\/li><li style=\"font-size: 16px;\"><span style=\"font-weight: bolder;\">Vacances 1\u00e8re p\u00e9riode<\/span>\u00a0:<br class=\"manualbr\" \/>Samedi 2 au dimanche 17 avril 2022<\/li><li style=\"font-size: 16px;\"><span style=\"font-weight: bolder;\">Vacances 2\u00e8me p\u00e9riode<\/span>\u00a0:<br class=\"manualbr\" \/>Samedi 4 au dimanche 19 juin 2022<\/li><li style=\"font-size: 16px;\"><span style=\"font-weight: bolder;\">Vacances 3\u00e8me p\u00e9riode<\/span>\u00a0:<br class=\"manualbr\" \/>Samedi 6 au dimanche 21 ao\u00fbt 2022<\/li><li style=\"font-size: 16px;\"><span style=\"font-weight: bolder;\">Vacances 4\u00e8me p\u00e9riode<\/span>\u00a0:<br class=\"manualbr\" \/>Samedi 8 au dimanche 23 octobre 2022<\/li><li style=\"font-size: 16px;\"><span style=\"font-weight: bolder;\">D\u00e9but des vacances d\u2019\u00e9t\u00e9<\/span>\u00a0:<br class=\"manualbr\" \/>Samedi 17 d\u00e9cembre 2022<\/li><\/ul>\t\t\t\t\t\t\t\t<\/div>\n\t\t\t\t<\/div>\n\t\t\t\t\t<\/div>\n\t\t<\/div>\n\t\t\t\t<div class=\"elementor-column elementor-col-50 elementor-inner-column elementor-element elementor-element-fd4943c\" data-id=\"fd4943c\" data-element_type=\"column\" data-e-type=\"column\">\n\t\t\t<div class=\"elementor-widget-wrap elementor-element-populated\">\n\t\t\t\t\t\t\t<\/div>\n\t\t<\/div>\n\t\t\t\t\t<\/div>\n\t\t<\/section>\n\t\t\t\t\t<\/div>\n\t\t<\/div>\n\t\t\t\t\t<\/div>\n\t\t<\/section>\n\t\t\t\t<section class=\"elementor-section elementor-top-section elementor-element elementor-element-e00bf62 elementor-section-boxed elementor-section-height-default elementor-section-height-default\" data-id=\"e00bf62\" data-element_type=\"section\" data-e-type=\"section\">\n\t\t\t\t\t\t<div class=\"elementor-container elementor-column-gap-default\">\n\t\t\t\t\t<div class=\"elementor-column elementor-col-100 elementor-top-column elementor-element elementor-element-070868d\" data-id=\"070868d\" data-element_type=\"column\" data-e-type=\"column\">\n\t\t\t<div class=\"elementor-widget-wrap elementor-element-populated\">\n\t\t\t\t\t\t<div class=\"elementor-element elementor-element-cc8efe5 elementor-widget elementor-widget-heading\" data-id=\"cc8efe5\" data-element_type=\"widget\" data-e-type=\"widget\" data-widget_type=\"heading.default\">\n\t\t\t\t<div class=\"elementor-widget-container\">\n\t\t\t\t\t<h2 class=\"elementor-heading-title elementor-size-default\"><span style=\"font-size: 2rem\">Calendrier du coll\u00e8ge 2022<\/span><\/h2>\t\t\t\t<\/div>\n\t\t\t\t<\/div>\n\t\t\t\t<section class=\"elementor-section elementor-inner-section elementor-element elementor-element-9c4a98d elementor-section-boxed elementor-section-height-default elementor-section-height-default\" data-id=\"9c4a98d\" data-element_type=\"section\" data-e-type=\"section\">\n\t\t\t\t\t\t<div class=\"elementor-container elementor-column-gap-default\">\n\t\t\t\t\t<div class=\"elementor-column elementor-col-50 elementor-inner-column elementor-element elementor-element-6e56d2a\" data-id=\"6e56d2a\" data-element_type=\"column\" data-e-type=\"column\">\n\t\t\t<div class=\"elementor-widget-wrap elementor-element-populated\">\n\t\t\t\t\t\t<div class=\"elementor-element elementor-element-8f7cbca elementor-widget elementor-widget-image\" data-id=\"8f7cbca\" data-element_type=\"widget\" data-e-type=\"widget\" data-widget_type=\"image.default\">\n\t\t\t\t<div class=\"elementor-widget-container\">\n\t\t\t\t\t\t\t\t\t\t\t\t\t\t\t<img fetchpriority=\"high\" decoding=\"async\" width=\"800\" height=\"566\" src=\"https:\/\/colfrouge.ddec.nc\/wp-content\/uploads\/2022\/07\/Calendrier-2022-site-internet.png\" class=\"attachment-large size-large wp-image-1040\" alt=\"\" srcset=\"https:\/\/colfrouge.ddec.nc\/wp-content\/uploads\/2022\/07\/Calendrier-2022-site-internet.png 841w, https:\/\/colfrouge.ddec.nc\/wp-content\/uploads\/2022\/07\/Calendrier-2022-site-internet-300x212.png 300w, https:\/\/colfrouge.ddec.nc\/wp-content\/uploads\/2022\/07\/Calendrier-2022-site-internet-768x543.png 768w\" sizes=\"(max-width: 800px) 100vw, 800px\" \/>\t\t\t\t\t\t\t\t\t\t\t\t\t\t\t<\/div>\n\t\t\t\t<\/div>\n\t\t\t\t\t<\/div>\n\t\t<\/div>\n\t\t\t\t<div class=\"elementor-column elementor-col-50 elementor-inner-column elementor-element elementor-element-c6d3e26\" data-id=\"c6d3e26\" data-element_type=\"column\" data-e-type=\"column\">\n\t\t\t<div class=\"elementor-widget-wrap\">\n\t\t\t\t\t\t\t<\/div>\n\t\t<\/div>\n\t\t\t\t\t<\/div>\n\t\t<\/section>\n\t\t\t\t\t<\/div>\n\t\t<\/div>\n\t\t\t\t\t<\/div>\n\t\t<\/section>\n\t\t\t\t<\/div>\n\t\t","protected":false},"excerpt":{"rendered":"<p>Calendrier scolaire 2022 Rentr\u00e9e scolaire des enseignants\u00a0:Vendredi 11 f\u00e9vrier 2022 Rentr\u00e9e scolaire des \u00e9l\u00e8ves\u00a0:Lundi 14 f\u00e9vrier 2022 Vacances 1\u00e8re p\u00e9riode\u00a0:Samedi 2 au dimanche 17 avril 2022 Vacances 2\u00e8me p\u00e9riode\u00a0:Samedi 4 au dimanche 19 juin 2022 Vacances 3\u00e8me p\u00e9riode\u00a0:Samedi 6 au dimanche 21 ao\u00fbt 2022 Vacances 4\u00e8me p\u00e9riode\u00a0:Samedi 8 au dimanche 23 octobre 2022 D\u00e9but des [&hellip;]<\/p>\n","protected":false},"author":2,"featured_media":0,"parent":0,"menu_order":0,"comment_status":"closed","ping_status":"closed","template":"elementor_header_footer","meta":{"footnotes":""},"class_list":["post-388","page","type-page","status-publish","hentry"],"_links":{"self":[{"href":"https:\/\/colfrouge.ddec.nc\/index.php\/wp-json\/wp\/v2\/pages\/388","targetHints":{"allow":["GET"]}}],"collection":[{"href":"https:\/\/colfrouge.ddec.nc\/index.php\/wp-json\/wp\/v2\/pages"}],"about":[{"href":"https:\/\/colfrouge.ddec.nc\/index.php\/wp-json\/wp\/v2\/types\/page"}],"author":[{"embeddable":true,"href":"https:\/\/colfrouge.ddec.nc\/index.php\/wp-json\/wp\/v2\/users\/2"}],"replies":[{"embeddable":true,"href":"https:\/\/colfrouge.ddec.nc\/index.php\/wp-json\/wp\/v2\/comments?post=388"}],"version-history":[{"count":29,"href":"https:\/\/colfrouge.ddec.nc\/index.php\/wp-json\/wp\/v2\/pages\/388\/revisions"}],"predecessor-version":[{"id":1050,"href":"https:\/\/colfrouge.ddec.nc\/index.php\/wp-json\/wp\/v2\/pages\/388\/revisions\/1050"}],"wp:attachment":[{"href":"https:\/\/colfrouge.ddec.nc\/index.php\/wp-json\/wp\/v2\/media?parent=388"}],"curies":[{"name":"wp","href":"https:\/\/api.w.org\/{rel}","templated":true}]}}